{"id":150,"date":"2025-04-24T09:03:18","date_gmt":"2025-04-24T09:03:18","guid":{"rendered":"https:\/\/f6k.bd9.myftpupload.com\/?page_id=150"},"modified":"2025-08-14T08:47:11","modified_gmt":"2025-08-14T08:47:11","slug":"imprint","status":"publish","type":"page","link":"https:\/\/www.werkschulheim.at\/en\/imprint\/","title":{"rendered":"Imprint"},"content":{"rendered":"<p><\/p>\n\n\n\n<h2 class=\"wp-block-heading\">Felbertal school hostel<\/h2>\n\n\n\n<p>Werkschulheimstra\u00dfe 11<br>5323 Ebenau<br>Austria<\/p>\n\n\n\n<p>Phone: 0043 6221 7281<br>Email:&nbsp;<a href=\"mailto:office@werkschulheim.at\">office@werkschulheim.at<\/a><\/p>\n\n\n\n<p>School maintainer:&nbsp;<a href=\"https:\/\/werkschulheim.at\/index.php\/schulerhalter.html\">Association for the promotion of school hostels<\/a><\/p>\n\n\n\n<p>Bank details: Raiffeisenbank Fuschlsee West, Hof branch<\/p>\n\n\n\n<p>IBAN: AT04 3506 5000 2801 0023<\/p>\n\n\n\n<p>BIC: RVSAAT2S065<\/p>\n\n\n\n<h2 class=\"wp-block-heading\">Disclaimer<\/h2>\n\n\n\n<p>The contents of this website have been created with the utmost care. The website operator accepts no liability for the accuracy, completeness and up-to-dateness of this content. All content published on this website is subject to the protection of the respective author. Reproduction, editing and any kind of utilisation require the consent of the website operator. The external links listed here lead to content from external providers. The respective provider is solely responsible for this content. If we become aware of any legal infringements, these links will be removed immediately.<\/p>","protected":false},"excerpt":{"rendered":"<p>Werkschulheim Felbertal Werkschulheimstra\u00dfe 115323 EbenauAustria Telefon: 0043 6221 7281Email:&nbsp;office@werkschulheim.at Schulerhalter:&nbsp;Verein zur F\u00f6rderung von Werkschulheimen Bankverbindung: Raiffeisenbank Fuschlsee West, Bankstelle Hof IBAN: AT04 3506 5000 2801 0023 BIC: RVSAAT2S065 Haftungsausschluss Die Inhalte dieser Website wurden mit gr\u00f6\u00dfter Sorgfalt erstellt. F\u00fcr Richtigkeit, Vollst\u00e4ndigkeit und Aktualit\u00e4t dieser Inhalte kann seitens des Websitebetreibers keine Haftung \u00fcbernommen werden. Alle auf [&hellip;]<\/p>\n","protected":false},"author":1,"featured_media":0,"parent":0,"menu_order":0,"comment_status":"closed","ping_status":"closed","template":"","meta":{"footnotes":""},"class_list":["post-150","page","type-page","status-publish","hentry"],"yoast_head":"<!-- This site is optimized with the Yoast SEO plugin v27.4 - https:\/\/yoast.com\/product\/yoast-seo-wordpress\/ -->\n<title>Impressum - Werkschulheim Felbertal<\/title>\n<meta name=\"robots\" content=\"noindex, nofollow\" \/>\n<meta property=\"og:locale\" content=\"en_GB\" \/>\n<meta property=\"og:type\" content=\"article\" \/>\n<meta property=\"og:title\" content=\"Impressum - Werkschulheim Felbertal\" \/>\n<meta property=\"og:description\" content=\"Werkschulheim Felbertal Werkschulheimstra\u00dfe 115323 EbenauAustria Telefon: 0043 6221 7281Email:&nbsp;office@werkschulheim.at Schulerhalter:&nbsp;Verein zur F\u00f6rderung von Werkschulheimen Bankverbindung: Raiffeisenbank Fuschlsee West, Bankstelle Hof IBAN: AT04 3506 5000 2801 0023 BIC: RVSAAT2S065 Haftungsausschluss Die Inhalte dieser Website wurden mit gr\u00f6\u00dfter Sorgfalt erstellt. F\u00fcr Richtigkeit, Vollst\u00e4ndigkeit und Aktualit\u00e4t dieser Inhalte kann seitens des Websitebetreibers keine Haftung \u00fcbernommen werden. Alle auf [&hellip;]\" \/>\n<meta property=\"og:url\" content=\"https:\/\/www.werkschulheim.at\/en\/imprint\/\" \/>\n<meta property=\"og:site_name\" content=\"Werkschulheim Felbertal\" \/>\n<meta property=\"article:publisher\" content=\"https:\/\/facebook.com\/werkschulheim\" \/>\n<meta property=\"article:modified_time\" content=\"2025-08-14T08:47:11+00:00\" \/>\n<meta property=\"og:image\" content=\"https:\/\/www.werkschulheim.at\/wp-content\/uploads\/2025\/06\/Werkschulheim2_2000px.jpg\" \/>\n\t<meta property=\"og:image:width\" content=\"2000\" \/>\n\t<meta property=\"og:image:height\" content=\"1125\" \/>\n\t<meta property=\"og:image:type\" content=\"image\/jpeg\" \/>\n<meta name=\"twitter:card\" content=\"summary_large_image\" \/>\n<meta name=\"twitter:label1\" content=\"Estimated reading time\" \/>\n\t<meta name=\"twitter:data1\" content=\"1 minute\" \/>\n<script type=\"application\/ld+json\" class=\"yoast-schema-graph\">{\"@context\":\"https:\\\/\\\/schema.org\",\"@graph\":[{\"@type\":\"WebPage\",\"@id\":\"https:\\\/\\\/www.werkschulheim.at\\\/impressum\\\/\",\"url\":\"https:\\\/\\\/www.werkschulheim.at\\\/impressum\\\/\",\"name\":\"Impressum - Werkschulheim Felbertal\",\"isPartOf\":{\"@id\":\"https:\\\/\\\/www.werkschulheim.at\\\/#website\"},\"datePublished\":\"2025-04-24T09:03:18+00:00\",\"dateModified\":\"2025-08-14T08:47:11+00:00\",\"breadcrumb\":{\"@id\":\"https:\\\/\\\/www.werkschulheim.at\\\/impressum\\\/#breadcrumb\"},\"inLanguage\":\"en-GB\",\"potentialAction\":[{\"@type\":\"ReadAction\",\"target\":[\"https:\\\/\\\/www.werkschulheim.at\\\/impressum\\\/\"]}]},{\"@type\":\"BreadcrumbList\",\"@id\":\"https:\\\/\\\/www.werkschulheim.at\\\/impressum\\\/#breadcrumb\",\"itemListElement\":[{\"@type\":\"ListItem\",\"position\":1,\"name\":\"Startseite\",\"item\":\"https:\\\/\\\/www.werkschulheim.at\\\/\"},{\"@type\":\"ListItem\",\"position\":2,\"name\":\"Impressum\"}]},{\"@type\":\"WebSite\",\"@id\":\"https:\\\/\\\/www.werkschulheim.at\\\/#website\",\"url\":\"https:\\\/\\\/www.werkschulheim.at\\\/\",\"name\":\"Werksschulheim Felbertal\",\"description\":\"Zukunfts-Campus\",\"publisher\":{\"@id\":\"https:\\\/\\\/www.werkschulheim.at\\\/#organization\"},\"alternateName\":\"Privatgymnasium Salzburg\",\"potentialAction\":[{\"@type\":\"SearchAction\",\"target\":{\"@type\":\"EntryPoint\",\"urlTemplate\":\"https:\\\/\\\/www.werkschulheim.at\\\/?s={search_term_string}\"},\"query-input\":{\"@type\":\"PropertyValueSpecification\",\"valueRequired\":true,\"valueName\":\"search_term_string\"}}],\"inLanguage\":\"en-GB\"},{\"@type\":\"Organization\",\"@id\":\"https:\\\/\\\/www.werkschulheim.at\\\/#organization\",\"name\":\"Werksschulheim Felbertal\",\"alternateName\":\"Privatgymnasium Salzburg\",\"url\":\"https:\\\/\\\/www.werkschulheim.at\\\/\",\"logo\":{\"@type\":\"ImageObject\",\"inLanguage\":\"en-GB\",\"@id\":\"https:\\\/\\\/www.werkschulheim.at\\\/#\\\/schema\\\/logo\\\/image\\\/\",\"url\":\"https:\\\/\\\/www.werkschulheim.at\\\/wp-content\\\/uploads\\\/2025\\\/04\\\/Logo-WSH-hochformatig-linksbuendig-cmyk.svg\",\"contentUrl\":\"https:\\\/\\\/www.werkschulheim.at\\\/wp-content\\\/uploads\\\/2025\\\/04\\\/Logo-WSH-hochformatig-linksbuendig-cmyk.svg\",\"width\":1527,\"height\":711,\"caption\":\"Werksschulheim Felbertal\"},\"image\":{\"@id\":\"https:\\\/\\\/www.werkschulheim.at\\\/#\\\/schema\\\/logo\\\/image\\\/\"},\"sameAs\":[\"https:\\\/\\\/facebook.com\\\/werkschulheim\",\"https:\\\/\\\/www.instagram.com\\\/werkschulheim.felbertal\\\/\",\"https:\\\/\\\/www.youtube.com\\\/user\\\/wshfelbertal\"]}]}<\/script>\n<!-- \/ Yoast SEO plugin. -->","yoast_head_json":{"title":"Imprint - Werkschulheim Felbertal","robots":{"index":"noindex","follow":"nofollow"},"og_locale":"en_GB","og_type":"article","og_title":"Impressum - Werkschulheim Felbertal","og_description":"Werkschulheim Felbertal Werkschulheimstra\u00dfe 115323 EbenauAustria Telefon: 0043 6221 7281Email:&nbsp;office@werkschulheim.at Schulerhalter:&nbsp;Verein zur F\u00f6rderung von Werkschulheimen Bankverbindung: Raiffeisenbank Fuschlsee West, Bankstelle Hof IBAN: AT04 3506 5000 2801 0023 BIC: RVSAAT2S065 Haftungsausschluss Die Inhalte dieser Website wurden mit gr\u00f6\u00dfter Sorgfalt erstellt. F\u00fcr Richtigkeit, Vollst\u00e4ndigkeit und Aktualit\u00e4t dieser Inhalte kann seitens des Websitebetreibers keine Haftung \u00fcbernommen werden. Alle auf [&hellip;]","og_url":"https:\/\/www.werkschulheim.at\/en\/imprint\/","og_site_name":"Werkschulheim Felbertal","article_publisher":"https:\/\/facebook.com\/werkschulheim","article_modified_time":"2025-08-14T08:47:11+00:00","og_image":[{"width":2000,"height":1125,"url":"https:\/\/www.werkschulheim.at\/wp-content\/uploads\/2025\/06\/Werkschulheim2_2000px.jpg","type":"image\/jpeg"}],"twitter_card":"summary_large_image","twitter_misc":{"Estimated reading time":"1 minute"},"schema":{"@context":"https:\/\/schema.org","@graph":[{"@type":"WebPage","@id":"https:\/\/www.werkschulheim.at\/impressum\/","url":"https:\/\/www.werkschulheim.at\/impressum\/","name":"Imprint - Werkschulheim Felbertal","isPartOf":{"@id":"https:\/\/www.werkschulheim.at\/#website"},"datePublished":"2025-04-24T09:03:18+00:00","dateModified":"2025-08-14T08:47:11+00:00","breadcrumb":{"@id":"https:\/\/www.werkschulheim.at\/impressum\/#breadcrumb"},"inLanguage":"en-GB","potentialAction":[{"@type":"ReadAction","target":["https:\/\/www.werkschulheim.at\/impressum\/"]}]},{"@type":"BreadcrumbList","@id":"https:\/\/www.werkschulheim.at\/impressum\/#breadcrumb","itemListElement":[{"@type":"ListItem","position":1,"name":"Startseite","item":"https:\/\/www.werkschulheim.at\/"},{"@type":"ListItem","position":2,"name":"Impressum"}]},{"@type":"WebSite","@id":"https:\/\/www.werkschulheim.at\/#website","url":"https:\/\/www.werkschulheim.at\/","name":"Felbertal factory school","description":"Future Campus","publisher":{"@id":"https:\/\/www.werkschulheim.at\/#organization"},"alternateName":"Privatgymnasium Salzburg","potentialAction":[{"@type":"SearchAction","target":{"@type":"EntryPoint","urlTemplate":"https:\/\/www.werkschulheim.at\/?s={search_term_string}"},"query-input":{"@type":"PropertyValueSpecification","valueRequired":true,"valueName":"search_term_string"}}],"inLanguage":"en-GB"},{"@type":"Organization","@id":"https:\/\/www.werkschulheim.at\/#organization","name":"Felbertal factory school","alternateName":"Privatgymnasium Salzburg","url":"https:\/\/www.werkschulheim.at\/","logo":{"@type":"ImageObject","inLanguage":"en-GB","@id":"https:\/\/www.werkschulheim.at\/#\/schema\/logo\/image\/","url":"https:\/\/www.werkschulheim.at\/wp-content\/uploads\/2025\/04\/Logo-WSH-hochformatig-linksbuendig-cmyk.svg","contentUrl":"https:\/\/www.werkschulheim.at\/wp-content\/uploads\/2025\/04\/Logo-WSH-hochformatig-linksbuendig-cmyk.svg","width":1527,"height":711,"caption":"Werksschulheim Felbertal"},"image":{"@id":"https:\/\/www.werkschulheim.at\/#\/schema\/logo\/image\/"},"sameAs":["https:\/\/facebook.com\/werkschulheim","https:\/\/www.instagram.com\/werkschulheim.felbertal\/","https:\/\/www.youtube.com\/user\/wshfelbertal"]}]}},"_links":{"self":[{"href":"https:\/\/www.werkschulheim.at\/en\/wp-json\/wp\/v2\/pages\/150","targetHints":{"allow":["GET"]}}],"collection":[{"href":"https:\/\/www.werkschulheim.at\/en\/wp-json\/wp\/v2\/pages"}],"about":[{"href":"https:\/\/www.werkschulheim.at\/en\/wp-json\/wp\/v2\/types\/page"}],"author":[{"embeddable":true,"href":"https:\/\/www.werkschulheim.at\/en\/wp-json\/wp\/v2\/users\/1"}],"replies":[{"embeddable":true,"href":"https:\/\/www.werkschulheim.at\/en\/wp-json\/wp\/v2\/comments?post=150"}],"version-history":[{"count":2,"href":"https:\/\/www.werkschulheim.at\/en\/wp-json\/wp\/v2\/pages\/150\/revisions"}],"predecessor-version":[{"id":1946,"href":"https:\/\/www.werkschulheim.at\/en\/wp-json\/wp\/v2\/pages\/150\/revisions\/1946"}],"wp:attachment":[{"href":"https:\/\/www.werkschulheim.at\/en\/wp-json\/wp\/v2\/media?parent=150"}],"curies":[{"name":"wp","href":"https:\/\/api.w.org\/{rel}","templated":true}]}}